{"id":359,"date":"2025-01-15T18:34:41","date_gmt":"2025-01-15T17:34:41","guid":{"rendered":"https:\/\/nagorifilms.fr\/?page_id=359"},"modified":"2026-02-04T16:07:37","modified_gmt":"2026-02-04T15:07:37","slug":"about","status":"publish","type":"page","link":"https:\/\/nagorifilms.fr\/index.php\/about\/","title":{"rendered":"\u00c0 Propos"},"content":{"rendered":"\n<div class=\"wp-block-cover alignwide is-light\" style=\"min-height:593px;aspect-ratio:unset;\"><video class=\"wp-block-cover__video-background intrinsic-ignore\" autoplay muted loop playsinline src=\"https:\/\/nagorifilms.fr\/wp-content\/uploads\/2025\/01\/7617995-uhd_3840_2160_25fps.mp4\" data-object-fit=\"cover\"><\/video><span aria-hidden=\"true\" class=\"wp-block-cover__background has-background-dim\" style=\"background-color:#FFF\"><\/span><div class=\"wp-block-cover__inner-container has-global-padding is-layout-constrained wp-block-cover-is-layout-constrained\">\n<div class=\"wp-block-columns is-layout-flex wp-container-core-columns-is-layout-28f84493 wp-block-columns-is-layout-flex\">\n<div class=\"wp-block-column is-layout-flow wp-block-column-is-layout-flow\">\n<h1 class=\"wp-block-heading\"><mark style=\"background-color:rgba(0, 0, 0, 0);color:#fdc22e\" class=\"has-inline-color\"><strong><strong><mark style=\"background-color:rgba(0, 0, 0, 0);color:#fdc22e\" class=\"has-inline-color\">Nagori, <\/mark><\/strong><\/strong><\/mark><\/h1>\n\n\n\n<h1 class=\"wp-block-heading\"><mark style=\"background-color:rgba(0, 0, 0, 0);color:#fdc22e\" class=\"has-inline-color\"><strong><strong><mark style=\"background-color:rgba(0, 0, 0, 0);color:#fdc22e\" class=\"has-inline-color\">l&#8217;empreinte des vagues<\/mark><\/strong><\/strong><\/mark><\/h1>\n<\/div>\n<\/div>\n\n\n\n<div class=\"wp-block-columns is-layout-flex wp-container-core-columns-is-layout-28f84493 wp-block-columns-is-layout-flex\">\n<div class=\"wp-block-column is-style-default is-layout-flow wp-block-column-is-layout-flow\">\n<p>Le mot \u00ab\u00a0Nagori\u00a0\u00bb en japonais \u00e9voque la nostalgie de la saison pass\u00e9e, le reste des vagues effac\u00e9es par les suivantes, une sensation douce-am\u00e8re qui nous pousse \u00e0 ch\u00e9rir les souvenirs tout en regardant vers l&rsquo;avenir avec aspiration.<\/p>\n\n\n\n<p>Nous croyons aux films qui comptent : des cr\u00e9ations sinc\u00e8res et singuli\u00e8res, capables de laisser une impression durable.<br>En partant de votre histoire et de vos valeurs, nous concevons des films sur mesure, \u00e0 la fois cr\u00e9atifs et strat\u00e9giques, pens\u00e9s pour renforcer votre image et accompagner vos projets vers l\u2019avenir.<\/p>\n<\/div>\n<\/div>\n<\/div><\/div>\n\n\n\n<h2 class=\"wp-block-heading\"><mark style=\"background-color:rgba(0, 0, 0, 0);color:#fdc22e\" class=\"has-inline-color\"><strong><strong><mark style=\"background-color:rgba(0, 0, 0, 0);color:#fdc22e\" class=\"has-inline-color\"><em>Derri\u00e8re cette approche :<\/em><\/mark><\/strong><\/strong><\/mark><\/h2>\n\n\n\n<div class=\"wp-block-columns is-layout-flex wp-container-core-columns-is-layout-28f84493 wp-block-columns-is-layout-flex\">\n<div class=\"wp-block-column is-layout-flow wp-block-column-is-layout-flow\">\n<figure class=\"wp-block-image size-full is-resized\"><img loading=\"lazy\" decoding=\"async\" width=\"201\" height=\"251\" src=\"https:\/\/nagorifilms.fr\/wp-content\/uploads\/2026\/02\/portrait-dano-1.jpg\" alt=\"\" class=\"wp-image-851\" style=\"width:298px;height:auto\"\/><\/figure>\n\n\n\n<div class=\"wp-block-buttons is-content-justification-center is-layout-flex wp-container-core-buttons-is-layout-a89b3969 wp-block-buttons-is-layout-flex\">\n<div class=\"wp-block-button\"><a class=\"wp-block-button__link wp-element-button\" href=\"https:\/\/phreddano.fr\/\" target=\"_blank\" rel=\"noreferrer noopener\">R\u00e9alisations<\/a><\/div>\n<\/div>\n<\/div>\n\n\n\n<div class=\"wp-block-column is-vertically-aligned-stretch is-layout-flow wp-block-column-is-layout-flow\">\n<p class=\"has-text-align-left\">Fr\u00e9d\u00e9ric Dano, r\u00e9alisateur et producteur, d\u00e9veloppe depuis une quinzaine d\u2019ann\u00e9es des films publicitaires, de brand content et de corporate pens\u00e9s pour \u00eatre efficaces et engageants.<br>Il assure la direction cr\u00e9ative et la r\u00e9alisation des projets, en collaboration avec des \u00e9quipes constitu\u00e9es sur mesure, et accompagne les marques  \u00e0 chaque \u00e9tape de la production.<br>Pour lui, chaque film est l\u2019occasion de proposer un regard cr\u00e9atif et renouvel\u00e9, \u00e0 travers des univers visuels forts et distinctifs, pens\u00e9s pour r\u00e9pondre aux enjeux de la marque et servir son identit\u00e9.<\/p>\n\n\n\n<p class=\"has-text-align-left\"><\/p>\n<\/div>\n<\/div>\n\n\n\n<p><\/p>\n\n\n\n<h2 class=\"wp-block-heading\"><mark style=\"background-color:rgba(0, 0, 0, 0);color:#fdc22e\" class=\"has-inline-color\"><strong>Chaque projet est une nouvelle opportunit\u00e9 de raconter une histoire qui r\u00e9sonne, inspire et perdure au fil du temps ! <\/strong><\/mark><\/h2>\n\n\n\n<figure class=\"wp-block-gallery alignwide has-nested-images columns-default is-cropped wp-block-gallery-1 is-layout-flex wp-block-gallery-is-layout-flex\">\n<figure class=\"wp-block-image size-large\"><img loading=\"lazy\" decoding=\"async\" width=\"1024\" height=\"576\" data-id=\"642\" src=\"https:\/\/nagorifilms.fr\/wp-content\/uploads\/2025\/01\/IronMan-4-1024x576.jpg\" alt=\"\" class=\"wp-image-642\" srcset=\"https:\/\/nagorifilms.fr\/wp-content\/uploads\/2025\/01\/IronMan-4-1024x576.jpg 1024w, https:\/\/nagorifilms.fr\/wp-content\/uploads\/2025\/01\/IronMan-4-300x169.jpg 300w, https:\/\/nagorifilms.fr\/wp-content\/uploads\/2025\/01\/IronMan-4-768x432.jpg 768w, https:\/\/nagorifilms.fr\/wp-content\/uploads\/2025\/01\/IronMan-4-1536x864.jpg 1536w, https:\/\/nagorifilms.fr\/wp-content\/uploads\/2025\/01\/IronMan-4.jpg 1920w\" sizes=\"auto, (max-width: 1024px) 100vw, 1024px\" \/><\/figure>\n\n\n\n<figure class=\"wp-block-image size-large\"><img loading=\"lazy\" decoding=\"async\" width=\"1024\" height=\"768\" data-id=\"93\" src=\"https:\/\/nagorifilms.fr\/wp-content\/uploads\/2025\/01\/pexels-timothy-reid-140941626-11074893-1024x768.jpg\" alt=\"\" class=\"wp-image-93\" srcset=\"https:\/\/nagorifilms.fr\/wp-content\/uploads\/2025\/01\/pexels-timothy-reid-140941626-11074893-1024x768.jpg 1024w, https:\/\/nagorifilms.fr\/wp-content\/uploads\/2025\/01\/pexels-timothy-reid-140941626-11074893-300x225.jpg 300w, https:\/\/nagorifilms.fr\/wp-content\/uploads\/2025\/01\/pexels-timothy-reid-140941626-11074893-768x576.jpg 768w, https:\/\/nagorifilms.fr\/wp-content\/uploads\/2025\/01\/pexels-timothy-reid-140941626-11074893-1536x1152.jpg 1536w, https:\/\/nagorifilms.fr\/wp-content\/uploads\/2025\/01\/pexels-timothy-reid-140941626-11074893-2048x1536.jpg 2048w\" sizes=\"auto, (max-width: 1024px) 100vw, 1024px\" \/><\/figure>\n\n\n\n<figure class=\"wp-block-image size-large\"><img decoding=\"async\" data-id=\"91\" src=\"https:\/\/nagorifilms.fr\/wp-content\/uploads\/2025\/01\/pexels-thisisengineering-3862635.jpg\" alt=\"\" class=\"wp-image-91\"\/><\/figure>\n<\/figure>\n\n\n\n<p><\/p>\n","protected":false},"excerpt":{"rendered":"<p>Derri\u00e8re cette approche : Fr\u00e9d\u00e9ric Dano, r\u00e9alisateur et producteur, d\u00e9veloppe depuis une quinzaine d\u2019ann\u00e9es des films publicitaires, de brand content et de corporate pens\u00e9s pour \u00eatre efficaces et engageants.Il assure la direction cr\u00e9ative et la r\u00e9alisation des projets, en collaboration avec des \u00e9quipes constitu\u00e9es sur mesure, et accompagne les marques \u00e0 chaque \u00e9tape de la [&hellip;]<\/p>\n","protected":false},"author":1,"featured_media":0,"parent":0,"menu_order":0,"comment_status":"closed","ping_status":"closed","template":"modele-de-page-fred-1","meta":{"footnotes":""},"class_list":["post-359","page","type-page","status-publish","hentry"],"_links":{"self":[{"href":"https:\/\/nagorifilms.fr\/index.php\/wp-json\/wp\/v2\/pages\/359","targetHints":{"allow":["GET"]}}],"collection":[{"href":"https:\/\/nagorifilms.fr\/index.php\/wp-json\/wp\/v2\/pages"}],"about":[{"href":"https:\/\/nagorifilms.fr\/index.php\/wp-json\/wp\/v2\/types\/page"}],"author":[{"embeddable":true,"href":"https:\/\/nagorifilms.fr\/index.php\/wp-json\/wp\/v2\/users\/1"}],"replies":[{"embeddable":true,"href":"https:\/\/nagorifilms.fr\/index.php\/wp-json\/wp\/v2\/comments?post=359"}],"version-history":[{"count":37,"href":"https:\/\/nagorifilms.fr\/index.php\/wp-json\/wp\/v2\/pages\/359\/revisions"}],"predecessor-version":[{"id":865,"href":"https:\/\/nagorifilms.fr\/index.php\/wp-json\/wp\/v2\/pages\/359\/revisions\/865"}],"wp:attachment":[{"href":"https:\/\/nagorifilms.fr\/index.php\/wp-json\/wp\/v2\/media?parent=359"}],"curies":[{"name":"wp","href":"https:\/\/api.w.org\/{rel}","templated":true}]}}