{"id":350,"date":"2025-01-15T18:04:24","date_gmt":"2025-01-15T17:04:24","guid":{"rendered":"https:\/\/nagorifilms.fr\/?page_id=350"},"modified":"2026-02-04T09:25:57","modified_gmt":"2026-02-04T08:25:57","slug":"sciences","status":"publish","type":"page","link":"https:\/\/nagorifilms.fr\/index.php\/sciences\/","title":{"rendered":"Sciences"},"content":{"rendered":"\n<div class=\"wp-block-cover alignwide is-light has-custom-content-position is-position-bottom-left\" style=\"margin-top:0;margin-bottom:0;padding-top:var(--wp--preset--spacing--50);padding-right:var(--wp--preset--spacing--50);padding-bottom:var(--wp--preset--spacing--50);padding-left:var(--wp--preset--spacing--50);min-height:369px;aspect-ratio:unset;\"><video class=\"wp-block-cover__video-background intrinsic-ignore\" autoplay muted loop playsinline src=\"https:\/\/nagorifilms.fr\/wp-content\/uploads\/2025\/01\/Nagori-page-Science-V4.mp4\" data-object-fit=\"cover\"><\/video><span aria-hidden=\"true\" class=\"wp-block-cover__background has-background-dim-10 has-background-dim\" style=\"background-color:#FFF\"><\/span><div class=\"wp-block-cover__inner-container has-global-padding is-layout-constrained wp-container-core-cover-is-layout-d89aad35 wp-block-cover-is-layout-constrained\">\n<p><\/p>\n<\/div><\/div>\n\n\n\n<h2 class=\"wp-block-heading\"><strong><mark style=\"background-color:rgba(0, 0, 0, 0)\" class=\"has-inline-color has-accent-1-color\">Chez Nagori on adore la science ! <\/mark><\/strong><\/h2>\n\n\n\n<p>Plonger des mentos dans du coca, regarder les yeux des mouches au microscope et jouer aux l\u00e9gos avec les mod\u00e8les mol\u00e9culaires boules-b\u00e2tonnets&#8230;<\/p>\n\n\n\n<div class=\"wp-block-group alignfull has-global-padding is-layout-constrained wp-block-group-is-layout-constrained\" style=\"margin-top:0;margin-bottom:0\">\n<p><\/p>\n\n\n\n<p>Mais surtout on aime la science car elle nous ouvre les portes d&rsquo;univers fascinants et nous invite \u00e0 rencontrer des femmes et des hommes qui innovent, cr\u00e9ent et transforment des id\u00e9es en r\u00e9alit\u00e9s extraordinaires.<\/p>\n<\/div>\n\n\n\n<h2 class=\"wp-block-heading\"><strong><mark style=\"background-color:rgba(0, 0, 0, 0)\" class=\"has-inline-color has-accent-1-color\">Avec p\u00e9dagogie et cr\u00e9ativit\u00e9, nous nous effor\u00e7ons ainsi de rendre chaque projet attrayant et intellectuellement stimulant afin d&rsquo;encourager \u00e0 r\u00eaver grand et \u00e0 explorer l&rsquo;inconnu !<\/mark><\/strong><\/h2>\n\n\n\n<p>Chacun dans son domaine de comp\u00e9tence, nous coop\u00e9rons tout au long du process de cr\u00e9ation avec les chercheurs et les institutions pour trouver ensemble une traduction simple et inspirante de leurs travaux. Nous assurons ainsi la cr\u00e9dibilit\u00e9 et la qualit\u00e9 des contenus diffus\u00e9s.<\/p>\n\n\n\n<h2 class=\"wp-block-heading has-text-align-center\"><mark style=\"background-color:rgba(0, 0, 0, 0)\" class=\"has-inline-color has-accent-1-color\"><strong>NOS R\u00c9ALISATIONS<\/strong><\/mark><\/h2>\n\n\n\n<details class=\"wp-block-details is-layout-flow wp-block-details-is-layout-flow\"><summary>Musique et Science<\/summary>\n<p>Le projet Muse-IC, soutenu par l\u2019Universit\u00e9 de Paris Sciences et Lettres et l\u2019Institut Curie, offre aux compositeurs l\u2019opportunit\u00e9 de cr\u00e9er une \u0153uvre musicale directement inspir\u00e9e par une d\u00e9couverte scientifique r\u00e9cente dans les domaines de l\u2019astrophysique, de la biologie et de la biophysique. Les pi\u00e8ces compos\u00e9es pour le projet ont \u00e9t\u00e9 cr\u00e9\u00e9es par des musiciens de l\u2019Orchestre Philharmonique de Radio France et de l\u2019Orchestre National de France. <\/p>\n\n\n\n<p>Nous avons r\u00e9alis\u00e9 pour l\u2019institut Curie un documentaire qui relate les interactions entre scientifiques et compositeurs, incluant des interviews de chercheurs, de compositeurs ainsi que des extraits de leurs compositions.<\/p>\n<\/details>\n\n\n\n<figure class=\"wp-block-embed is-type-video is-provider-vimeo wp-block-embed-vimeo wp-embed-aspect-16-9 wp-has-aspect-ratio\"><div class=\"wp-block-embed__wrapper\">\n<iframe loading=\"lazy\" title=\"Muse-IC: When science and music meet\" src=\"https:\/\/player.vimeo.com\/video\/346056625?dnt=1&amp;app_id=122963\" width=\"500\" height=\"281\" frameborder=\"0\" allow=\"autoplay; fullscreen; picture-in-picture; clipboard-write; encrypted-media; web-share\" referrerpolicy=\"strict-origin-when-cross-origin\"><\/iframe>\n<\/div><\/figure>\n\n\n\n<figure class=\"wp-block-gallery alignwide has-nested-images columns-default is-cropped wp-block-gallery-1 is-layout-flex wp-block-gallery-is-layout-flex\">\n<figure class=\"wp-block-image size-large\"><img decoding=\"async\" data-id=\"91\" src=\"https:\/\/nagorifilms.fr\/wp-content\/uploads\/2025\/01\/pexels-thisisengineering-3862635.jpg\" alt=\"\" class=\"wp-image-91\"\/><\/figure>\n\n\n\n<figure class=\"wp-block-image size-large\"><img loading=\"lazy\" decoding=\"async\" width=\"1024\" height=\"683\" data-id=\"87\" src=\"https:\/\/nagorifilms.fr\/wp-content\/uploads\/2025\/01\/pexels-thisisengineering-3861941-1024x683.jpg\" alt=\"\" class=\"wp-image-87\" srcset=\"https:\/\/nagorifilms.fr\/wp-content\/uploads\/2025\/01\/pexels-thisisengineering-3861941-1024x683.jpg 1024w, https:\/\/nagorifilms.fr\/wp-content\/uploads\/2025\/01\/pexels-thisisengineering-3861941-300x200.jpg 300w, https:\/\/nagorifilms.fr\/wp-content\/uploads\/2025\/01\/pexels-thisisengineering-3861941-768x512.jpg 768w, https:\/\/nagorifilms.fr\/wp-content\/uploads\/2025\/01\/pexels-thisisengineering-3861941-1536x1024.jpg 1536w, https:\/\/nagorifilms.fr\/wp-content\/uploads\/2025\/01\/pexels-thisisengineering-3861941-2048x1366.jpg 2048w\" sizes=\"auto, (max-width: 1024px) 100vw, 1024px\" \/><\/figure>\n\n\n\n<figure class=\"wp-block-image size-large\"><img loading=\"lazy\" decoding=\"async\" width=\"683\" height=\"1024\" data-id=\"85\" src=\"https:\/\/nagorifilms.fr\/wp-content\/uploads\/2025\/01\/pexels-tara-winstead-7723532-683x1024.jpg\" alt=\"\" class=\"wp-image-85\" srcset=\"https:\/\/nagorifilms.fr\/wp-content\/uploads\/2025\/01\/pexels-tara-winstead-7723532-683x1024.jpg 683w, https:\/\/nagorifilms.fr\/wp-content\/uploads\/2025\/01\/pexels-tara-winstead-7723532-200x300.jpg 200w, https:\/\/nagorifilms.fr\/wp-content\/uploads\/2025\/01\/pexels-tara-winstead-7723532-768x1152.jpg 768w, https:\/\/nagorifilms.fr\/wp-content\/uploads\/2025\/01\/pexels-tara-winstead-7723532-1024x1536.jpg 1024w, https:\/\/nagorifilms.fr\/wp-content\/uploads\/2025\/01\/pexels-tara-winstead-7723532-1365x2048.jpg 1365w, https:\/\/nagorifilms.fr\/wp-content\/uploads\/2025\/01\/pexels-tara-winstead-7723532-scaled.jpg 1707w\" sizes=\"auto, (max-width: 683px) 100vw, 683px\" \/><\/figure>\n<\/figure>\n\n\n\n<p><\/p>\n\n\n\n<p><\/p>\n\n\n\n<p><\/p>\n","protected":false},"excerpt":{"rendered":"<p>Chez Nagori on adore la science ! Plonger des mentos dans du coca, regarder les yeux des mouches au microscope et jouer aux l\u00e9gos avec les mod\u00e8les mol\u00e9culaires boules-b\u00e2tonnets&#8230; Mais surtout on aime la science car elle nous ouvre les portes d&rsquo;univers fascinants et nous invite \u00e0 rencontrer des femmes et des hommes qui innovent, [&hellip;]<\/p>\n","protected":false},"author":1,"featured_media":0,"parent":0,"menu_order":0,"comment_status":"closed","ping_status":"closed","template":"modele-de-page-fred-1","meta":{"footnotes":""},"class_list":["post-350","page","type-page","status-publish","hentry"],"_links":{"self":[{"href":"https:\/\/nagorifilms.fr\/index.php\/wp-json\/wp\/v2\/pages\/350","targetHints":{"allow":["GET"]}}],"collection":[{"href":"https:\/\/nagorifilms.fr\/index.php\/wp-json\/wp\/v2\/pages"}],"about":[{"href":"https:\/\/nagorifilms.fr\/index.php\/wp-json\/wp\/v2\/types\/page"}],"author":[{"embeddable":true,"href":"https:\/\/nagorifilms.fr\/index.php\/wp-json\/wp\/v2\/users\/1"}],"replies":[{"embeddable":true,"href":"https:\/\/nagorifilms.fr\/index.php\/wp-json\/wp\/v2\/comments?post=350"}],"version-history":[{"count":54,"href":"https:\/\/nagorifilms.fr\/index.php\/wp-json\/wp\/v2\/pages\/350\/revisions"}],"predecessor-version":[{"id":849,"href":"https:\/\/nagorifilms.fr\/index.php\/wp-json\/wp\/v2\/pages\/350\/revisions\/849"}],"wp:attachment":[{"href":"https:\/\/nagorifilms.fr\/index.php\/wp-json\/wp\/v2\/media?parent=350"}],"curies":[{"name":"wp","href":"https:\/\/api.w.org\/{rel}","templated":true}]}}