{"id":347,"date":"2025-01-15T18:02:38","date_gmt":"2025-01-15T17:02:38","guid":{"rendered":"https:\/\/nagorifilms.fr\/?page_id=347"},"modified":"2026-02-05T11:05:54","modified_gmt":"2026-02-05T10:05:54","slug":"escapades","status":"publish","type":"page","link":"https:\/\/nagorifilms.fr\/index.php\/escapades\/","title":{"rendered":"Films pour territoires &amp; tourisme"},"content":{"rendered":"\n<p><\/p>\n\n\n\n<div class=\"wp-block-cover alignwide is-light has-custom-content-position is-position-bottom-left\" style=\"margin-top:0;margin-bottom:0;padding-top:var(--wp--preset--spacing--50);padding-right:var(--wp--preset--spacing--50);padding-bottom:var(--wp--preset--spacing--50);padding-left:var(--wp--preset--spacing--50);min-height:382px;aspect-ratio:unset;\"><video class=\"wp-block-cover__video-background intrinsic-ignore\" autoplay muted loop playsinline src=\"https:\/\/nagorifilms.fr\/wp-content\/uploads\/2025\/01\/Nagori-page-Escapades-V2.mp4\" data-object-fit=\"cover\"><\/video><span aria-hidden=\"true\" class=\"wp-block-cover__background has-background-dim-10 has-background-dim\" style=\"background-color:#FFF\"><\/span><div class=\"wp-block-cover__inner-container has-global-padding is-layout-constrained wp-container-core-cover-is-layout-d89aad35 wp-block-cover-is-layout-constrained\">\n<p><\/p>\n<\/div><\/div>\n\n\n\n<h2 class=\"wp-block-heading\"><\/h2>\n\n\n\n<h2 class=\"wp-block-heading\"><mark style=\"background-color:rgba(0, 0, 0, 0)\" class=\"has-inline-color has-accent-1-color\"><strong>Ensemble, faisons d\u00e9couvrir au monde la beaut\u00e9 et les tr\u00e9sors cach\u00e9s de votre patrimoine !<\/strong><\/mark><\/h2>\n\n\n\n<p>Nous accompagnons les <strong>offices de tourisme, collectivit\u00e9s, r\u00e9gions, parcs naturels et acteurs du territoire<\/strong> dans la cr\u00e9ation de films qui donnent envie de <strong>venir visiter, d\u00e9couvrir, vivre des exp\u00e9riences<\/strong>.<\/p>\n\n\n\n<p><strong>Ce que votre territoire gagne avec nos films :<\/strong><\/p>\n\n\n\n<ul class=\"wp-block-list\">\n<li>attirer de nouveaux visiteurs<\/li>\n\n\n\n<li>susciter des partages sur r\u00e9seaux<\/li>\n\n\n\n<li>renforcer l\u2019image de marque du territoire<\/li>\n\n\n\n<li>valoriser les exp\u00e9riences locales<\/li>\n<\/ul>\n\n\n\n<p><\/p>\n\n\n\n<h2 class=\"wp-block-heading alignfull has-text-align-center\"><strong><mark style=\"background-color:rgba(0, 0, 0, 0)\" class=\"has-inline-color has-accent-1-color\">NOS R\u00c9ALISATIONS<\/mark><\/strong><\/h2>\n\n\n\n<details class=\"wp-block-details is-layout-flow wp-block-details-is-layout-flow\"><summary>IronMan Marrakech<\/summary>\n<p>Pour son \u00e9dition de lancement, l\u2019IronMan de Marrakech cherchait \u00e0 obtenir de la visibilit\u00e9 autour d\u2019une promesse. La promesse sportive associ\u00e9e \u00e0 une promesse de d\u00e9paysement, d\u2019exploration et de d\u00e9passement.<\/p>\n\n\n\n<p>Nous avons souhait\u00e9 proposer un traitement diff\u00e9rent du reportage sportif conventionnel et attendu. Car, avant tout, participer \u00e0 l\u2019IronMan de Marrakech est une opportunit\u00e9 unique pour explorer la culture riche et les paysages inoubliables du Maroc.<\/p>\n\n\n\n<p>Le tournage lors de la premi\u00e8re \u00e9dition \u00e0 d\u00e9bouch\u00e9 sur le film de la campagne, des pastilles r\u00e9seaux sociaux, un film \u00e0 destination des sponsors, ainsi qu\u2019un documentaire sportif de 26 minutes, diffus\u00e9 sur la cha\u00eene L\u2019\u00e9quipe.<\/p>\n<\/details>\n\n\n\n<figure class=\"wp-block-embed is-type-video is-provider-vimeo wp-block-embed-vimeo wp-embed-aspect-16-9 wp-has-aspect-ratio\"><div class=\"wp-block-embed__wrapper\">\n<iframe loading=\"lazy\" title=\"IronMan Marrakech - Inspirationnel\" src=\"https:\/\/player.vimeo.com\/video\/379537683?dnt=1&amp;app_id=122963\" width=\"500\" height=\"281\" frameborder=\"0\" allow=\"autoplay; fullscreen; picture-in-picture; clipboard-write; encrypted-media; web-share\" referrerpolicy=\"strict-origin-when-cross-origin\"><\/iframe>\n<\/div><\/figure>\n\n\n\n<details class=\"wp-block-details is-layout-flow wp-block-details-is-layout-flow\"><summary>Valberg, Une s\u00e9rie de 4 films<\/summary>\n<p>La station de montagne Valberg nous a consult\u00e9s car elle souhaitait communiquer sur l\u2019\u00e9volution de son catalogue d\u2019activit\u00e9s face aux d\u00e9fis du r\u00e9chauffement climatique. Nous avons con\u00e7u une s\u00e9rie de films (\u00e0 destination de leur site, RS et totems publicitaires), pour mettre en lumi\u00e8re son adaptation innovante tout au long de l\u2019ann\u00e9e.<\/p>\n\n\n\n<p>Que ce soit au printemps, en \u00e9t\u00e9, en automne ou en hiver, Valberg propose d\u00e9sormais des activit\u00e9s pour r\u00e9pondre aux attentes de leurs visiteurs et les surprendre \u00e0 chaque saison.<\/p>\n<\/details>\n\n\n\n<figure class=\"wp-block-embed is-type-video is-provider-vimeo wp-block-embed-vimeo wp-embed-aspect-16-9 wp-has-aspect-ratio\"><div class=\"wp-block-embed__wrapper\">\n<iframe loading=\"lazy\" title=\"Valberg Teaser Printemps\" src=\"https:\/\/player.vimeo.com\/video\/1049954072?dnt=1&amp;app_id=122963\" width=\"500\" height=\"281\" frameborder=\"0\" allow=\"autoplay; fullscreen; picture-in-picture; clipboard-write; encrypted-media; web-share\" referrerpolicy=\"strict-origin-when-cross-origin\"><\/iframe>\n<\/div><\/figure>\n\n\n\n<figure class=\"wp-block-embed is-type-video is-provider-vimeo wp-block-embed-vimeo wp-embed-aspect-16-9 wp-has-aspect-ratio\"><div class=\"wp-block-embed__wrapper\">\n<iframe loading=\"lazy\" title=\"Valberg Teaser Et\u00e9\" src=\"https:\/\/player.vimeo.com\/video\/1049956587?dnt=1&amp;app_id=122963\" width=\"500\" height=\"281\" frameborder=\"0\" allow=\"autoplay; fullscreen; picture-in-picture; clipboard-write; encrypted-media; web-share\" referrerpolicy=\"strict-origin-when-cross-origin\"><\/iframe>\n<\/div><\/figure>\n\n\n\n<figure class=\"wp-block-embed is-type-video is-provider-vimeo wp-block-embed-vimeo wp-embed-aspect-16-9 wp-has-aspect-ratio\"><div class=\"wp-block-embed__wrapper\">\n<iframe loading=\"lazy\" title=\"Valberg Teaser Automne\" src=\"https:\/\/player.vimeo.com\/video\/1049955315?dnt=1&amp;app_id=122963\" width=\"500\" height=\"281\" frameborder=\"0\" allow=\"autoplay; fullscreen; picture-in-picture; clipboard-write; encrypted-media; web-share\" referrerpolicy=\"strict-origin-when-cross-origin\"><\/iframe>\n<\/div><\/figure>\n\n\n\n<div class=\"wp-block-group is-nowrap is-layout-flex wp-container-core-group-is-layout-6c531013 wp-block-group-is-layout-flex\">\n<figure class=\"wp-block-embed is-type-video is-provider-vimeo wp-block-embed-vimeo wp-embed-aspect-16-9 wp-has-aspect-ratio\"><div class=\"wp-block-embed__wrapper\">\n<iframe loading=\"lazy\" title=\"Valberg Teaser Et\u00e9\" src=\"https:\/\/player.vimeo.com\/video\/1049956587?dnt=1&amp;app_id=122963\" width=\"500\" height=\"281\" frameborder=\"0\" allow=\"autoplay; fullscreen; picture-in-picture; clipboard-write; encrypted-media; web-share\" referrerpolicy=\"strict-origin-when-cross-origin\"><\/iframe>\n<\/div><\/figure>\n<\/div>\n\n\n\n<figure class=\"wp-block-embed is-type-video is-provider-vimeo wp-block-embed-vimeo wp-embed-aspect-16-9 wp-has-aspect-ratio\"><div class=\"wp-block-embed__wrapper\">\n<iframe loading=\"lazy\" title=\"Valberg Teaser Hiver\" src=\"https:\/\/player.vimeo.com\/video\/1049953072?dnt=1&amp;app_id=122963\" width=\"500\" height=\"281\" frameborder=\"0\" allow=\"autoplay; fullscreen; picture-in-picture; clipboard-write; encrypted-media; web-share\" referrerpolicy=\"strict-origin-when-cross-origin\"><\/iframe>\n<\/div><\/figure>\n\n\n\n<p>\/<\/p>\n","protected":false},"excerpt":{"rendered":"<p>Ensemble, faisons d\u00e9couvrir au monde la beaut\u00e9 et les tr\u00e9sors cach\u00e9s de votre patrimoine ! Nous accompagnons les offices de tourisme, collectivit\u00e9s, r\u00e9gions, parcs naturels et acteurs du territoire dans la cr\u00e9ation de films qui donnent envie de venir visiter, d\u00e9couvrir, vivre des exp\u00e9riences. Ce que votre territoire gagne avec nos films : NOS R\u00c9ALISATIONS [&hellip;]<\/p>\n","protected":false},"author":1,"featured_media":0,"parent":0,"menu_order":0,"comment_status":"closed","ping_status":"closed","template":"modele-de-page-fred-1","meta":{"footnotes":""},"class_list":["post-347","page","type-page","status-publish","hentry"],"_links":{"self":[{"href":"https:\/\/nagorifilms.fr\/index.php\/wp-json\/wp\/v2\/pages\/347","targetHints":{"allow":["GET"]}}],"collection":[{"href":"https:\/\/nagorifilms.fr\/index.php\/wp-json\/wp\/v2\/pages"}],"about":[{"href":"https:\/\/nagorifilms.fr\/index.php\/wp-json\/wp\/v2\/types\/page"}],"author":[{"embeddable":true,"href":"https:\/\/nagorifilms.fr\/index.php\/wp-json\/wp\/v2\/users\/1"}],"replies":[{"embeddable":true,"href":"https:\/\/nagorifilms.fr\/index.php\/wp-json\/wp\/v2\/comments?post=347"}],"version-history":[{"count":35,"href":"https:\/\/nagorifilms.fr\/index.php\/wp-json\/wp\/v2\/pages\/347\/revisions"}],"predecessor-version":[{"id":866,"href":"https:\/\/nagorifilms.fr\/index.php\/wp-json\/wp\/v2\/pages\/347\/revisions\/866"}],"wp:attachment":[{"href":"https:\/\/nagorifilms.fr\/index.php\/wp-json\/wp\/v2\/media?parent=347"}],"curies":[{"name":"wp","href":"https:\/\/api.w.org\/{rel}","templated":true}]}}