{"id":146,"date":"2025-01-09T11:28:29","date_gmt":"2025-01-09T10:28:29","guid":{"rendered":"http:\/\/nagorifilms.fr\/?page_id=146"},"modified":"2026-02-03T18:34:54","modified_gmt":"2026-02-03T17:34:54","slug":"arts","status":"publish","type":"page","link":"https:\/\/nagorifilms.fr\/index.php\/arts\/","title":{"rendered":"Arts &amp; Cultures"},"content":{"rendered":"\n<div class=\"wp-block-cover alignwide is-light has-custom-content-position is-position-bottom-left\" style=\"margin-top:0;margin-bottom:0;padding-top:var(--wp--preset--spacing--50);padding-right:var(--wp--preset--spacing--50);padding-bottom:var(--wp--preset--spacing--50);padding-left:var(--wp--preset--spacing--50);min-height:369px;aspect-ratio:unset;\"><video class=\"wp-block-cover__video-background intrinsic-ignore\" autoplay muted loop playsinline src=\"https:\/\/nagorifilms.fr\/wp-content\/uploads\/2025\/01\/Nagori-page-Arts-et-Cultures-V2.mp4\" data-object-fit=\"cover\"><\/video><span aria-hidden=\"true\" class=\"wp-block-cover__background has-background-dim-10 has-background-dim\" style=\"background-color:#FFF\"><\/span><div class=\"wp-block-cover__inner-container has-global-padding is-layout-constrained wp-container-core-cover-is-layout-d89aad35 wp-block-cover-is-layout-constrained\">\n<p><\/p>\n<\/div><\/div>\n\n\n\n<h1 class=\"wp-block-heading\"><mark style=\"background-color:rgba(0, 0, 0, 0)\" class=\"has-inline-color has-accent-1-color\">L&rsquo;art est le propre de la vie !<\/mark><\/h1>\n\n\n\n<h3 class=\"wp-block-heading\"><\/h3>\n\n\n\n<p>Chez Nagori, nous croyons que l&rsquo;art est le c\u0153ur battant de la vie. La cr\u00e9ativit\u00e9 est notre moteur, et nous sommes d\u00e9termin\u00e9s \u00e0 accompagner votre vision \u00e0 travers des \u0153uvres visuelles uniques.<\/p>\n\n\n\n<h2 class=\"wp-block-heading\"><mark style=\"background-color:rgba(0, 0, 0, 0)\" class=\"has-inline-color has-accent-1-color\">Vos id\u00e9es sont audacieuses, faites les conna\u00eetre !<\/mark><\/h2>\n\n\n\n<p>Faites appel \u00e0 nous pour b\u00e9n\u00e9ficier d&rsquo;une collaboration cr\u00e9ative et professionnelle, capable de donner vie \u00e0 vos projets artistiques et culturels !<\/p>\n\n\n\n<h2 class=\"wp-block-heading alignwide has-text-align-center\"><strong><mark style=\"background-color:rgba(0, 0, 0, 0)\" class=\"has-inline-color has-accent-1-color\">NOS R\u00c9ALISATIONS<\/mark><\/strong><\/h2>\n\n\n\n<details class=\"wp-block-details is-layout-flow wp-block-details-is-layout-flow\"><summary>WET FOR ME \/ Manifeste vid\u00e9o<\/summary>\n<p>BARBI(E)TURIX, c\u2019est le collectif d\u2019une quinzaine de volontaires, des Riot girls qui bousculent les st\u00e9r\u00e9otypes et diffusent la culture f\u00e9minine et lesbienne. C\u2019est aussi l\u2019organisateur des plus grandes soir\u00e9es lesbienne de Paris : les WET FOR ME !<\/p>\n\n\n\n<p>Elles nous ont demand\u00e9 de leur concocter un manifeste \u00e0 leur image, pour leurs RS et une diffusion lors de la Gay Pride.<\/p>\n\n\n\n<p><\/p>\n<\/details>\n\n\n\n<figure class=\"wp-block-embed is-type-video is-provider-vimeo wp-block-embed-vimeo wp-embed-aspect-21-9 wp-has-aspect-ratio\"><div class=\"wp-block-embed__wrapper\">\n<iframe loading=\"lazy\" title=\"WET FOR ME - Furieusement filles!\" src=\"https:\/\/player.vimeo.com\/video\/819910520?dnt=1&amp;app_id=122963\" width=\"500\" height=\"208\" frameborder=\"0\" allow=\"autoplay; fullscreen; picture-in-picture; clipboard-write; encrypted-media; web-share\" referrerpolicy=\"strict-origin-when-cross-origin\"><\/iframe>\n<\/div><\/figure>\n\n\n\n<details class=\"wp-block-details is-layout-flow wp-block-details-is-layout-flow\"><summary>Kaori, danse du corps obscur \/ Vid\u00e9o de danse<\/summary>\n<p>Pour la cr\u00e9ation vid\u00e9o \u00ab\u00a0Kaori, danse du corps obscur\u00a0\u00bb, nous avons collabor\u00e9 avec la danseuse Kaori Ito, autour d&rsquo;une danse inspir\u00e9e par le but\u014d (danse japonaise qui explore des th\u00e8mes de la mort et de la disparition, souvent dans le contexte de traumatismes). Dans cette performance, Kaori incarne une transformation, o\u00f9 l&rsquo;essence de l&rsquo;humanit\u00e9 se dissout dans l&rsquo;instinct primal. \u00c0 travers ses mouvements, elle illustre le conflit int\u00e9rieur entre nature et culture, abandonnant son enfant, exprimant sa n\u00e9cessit\u00e9 de retourner \u00e0 un \u00e9tat sauvage<\/p>\n<\/details>\n\n\n\n<figure class=\"wp-block-embed is-type-video is-provider-vimeo wp-block-embed-vimeo wp-embed-aspect-16-9 wp-has-aspect-ratio\"><div class=\"wp-block-embed__wrapper\">\n<iframe loading=\"lazy\" title=\"Kaori, Danse du corps obscur\" src=\"https:\/\/player.vimeo.com\/video\/819864533?dnt=1&amp;app_id=122963\" width=\"500\" height=\"281\" frameborder=\"0\" allow=\"autoplay; fullscreen; picture-in-picture; clipboard-write; encrypted-media; web-share\" referrerpolicy=\"strict-origin-when-cross-origin\"><\/iframe>\n<\/div><\/figure>\n\n\n\n<details class=\"wp-block-details is-layout-flow wp-block-details-is-layout-flow\"><summary>Maryse \/ Teaser de spectacle<\/summary>\n<p>M A R Y S E est un duo incarn\u00e9 par les s\u0153urs jumelles Marie-Christine et Marie-Rose Laurel. Elles nous invitent \u00e0 d\u00e9couvrir un univers onirique, po\u00e9tique et ludique tant au niveau sonore et visuel.Nous avons r\u00e9alis\u00e9 le teaser pour leur concert-experience qui retrace l\u2019\u00e9volution invers\u00e9e, de l\u2019enfance jusqu\u2019\u00e0 la vie in utero. Pour le tournage, nous avons ajout\u00e9 des \u00e9clairages sp\u00e9cifiques pour accompagner leur sc\u00e9nographie (l\u2019arbre de lumi\u00e8re) et renforcer une ambiance po\u00e9tique et onirique sur les visages et les instruments.<\/p>\n<\/details>\n\n\n\n<figure class=\"wp-block-embed is-type-video is-provider-youtube wp-block-embed-youtube wp-embed-aspect-16-9 wp-has-aspect-ratio\"><div class=\"wp-block-embed__wrapper\">\n<iframe loading=\"lazy\" title=\"M A R Y S E - Mount Batulao\" width=\"500\" height=\"281\" src=\"https:\/\/www.youtube.com\/embed\/jgf0JS3lSiM?feature=oembed\" frameborder=\"0\" allow=\"accelerometer; autoplay; clipboard-write; encrypted-media; gyroscope; picture-in-picture; web-share\" referrerpolicy=\"strict-origin-when-cross-origin\" allowfullscreen><\/iframe>\n<\/div><\/figure>\n\n\n\n<details class=\"wp-block-details is-layout-flow wp-block-details-is-layout-flow\"><summary>Maryse, danse des lumi\u00e8res \/ clip<\/summary>\n<p>Pour leur titre \u00ab\u00a0La Danse des Lumi\u00e8res\u00a0\u00bb, le groupe Maryse nous a sollicit\u00e9 pour r\u00e9aliser un clip refl\u00e9tant leur univers po\u00e9tique et multiethnique. Le clip explore les th\u00e8mes des traumas et de la r\u00e9silience. Nous avons travaill\u00e9 l\u2019image par des traitements de couleurs en cama\u00efeux, associ\u00e9s \u00e0 chaque personnage et \u00e0 leur histoire. De plus, nous avons opt\u00e9 pour une approche synesth\u00e9sique, inspir\u00e9e par leurs textes po\u00e9tiques.<\/p>\n<\/details>\n\n\n\n<figure class=\"wp-block-embed is-type-video is-provider-vimeo wp-block-embed-vimeo wp-embed-aspect-16-9 wp-has-aspect-ratio\"><div class=\"wp-block-embed__wrapper\">\n<iframe loading=\"lazy\" title=\"MARYSE &amp; LA TRIBU - LA DANSE DES LUMIERES\" src=\"https:\/\/player.vimeo.com\/video\/819864359?dnt=1&amp;app_id=122963\" width=\"500\" height=\"281\" frameborder=\"0\" allow=\"autoplay; fullscreen; picture-in-picture; clipboard-write; encrypted-media; web-share\" referrerpolicy=\"strict-origin-when-cross-origin\"><\/iframe>\n<\/div><\/figure>\n","protected":false},"excerpt":{"rendered":"<p>L&rsquo;art est le propre de la vie ! Chez Nagori, nous croyons que l&rsquo;art est le c\u0153ur battant de la vie. La cr\u00e9ativit\u00e9 est notre moteur, et nous sommes d\u00e9termin\u00e9s \u00e0 accompagner votre vision \u00e0 travers des \u0153uvres visuelles uniques. Vos id\u00e9es sont audacieuses, faites les conna\u00eetre ! Faites appel \u00e0 nous pour b\u00e9n\u00e9ficier d&rsquo;une [&hellip;]<\/p>\n","protected":false},"author":1,"featured_media":0,"parent":0,"menu_order":0,"comment_status":"closed","ping_status":"closed","template":"modele-de-page-fred-1","meta":{"footnotes":""},"class_list":["post-146","page","type-page","status-publish","hentry"],"_links":{"self":[{"href":"https:\/\/nagorifilms.fr\/index.php\/wp-json\/wp\/v2\/pages\/146","targetHints":{"allow":["GET"]}}],"collection":[{"href":"https:\/\/nagorifilms.fr\/index.php\/wp-json\/wp\/v2\/pages"}],"about":[{"href":"https:\/\/nagorifilms.fr\/index.php\/wp-json\/wp\/v2\/types\/page"}],"author":[{"embeddable":true,"href":"https:\/\/nagorifilms.fr\/index.php\/wp-json\/wp\/v2\/users\/1"}],"replies":[{"embeddable":true,"href":"https:\/\/nagorifilms.fr\/index.php\/wp-json\/wp\/v2\/comments?post=146"}],"version-history":[{"count":36,"href":"https:\/\/nagorifilms.fr\/index.php\/wp-json\/wp\/v2\/pages\/146\/revisions"}],"predecessor-version":[{"id":845,"href":"https:\/\/nagorifilms.fr\/index.php\/wp-json\/wp\/v2\/pages\/146\/revisions\/845"}],"wp:attachment":[{"href":"https:\/\/nagorifilms.fr\/index.php\/wp-json\/wp\/v2\/media?parent=146"}],"curies":[{"name":"wp","href":"https:\/\/api.w.org\/{rel}","templated":true}]}}